{"id":66,"date":"2025-01-21T10:54:00","date_gmt":"2025-01-21T10:54:00","guid":{"rendered":"http:\/\/ostseedorf-schlichow.de\/?page_id=66"},"modified":"2025-02-22T17:41:40","modified_gmt":"2025-02-22T17:41:40","slug":"leben-in-schlichow","status":"publish","type":"page","link":"https:\/\/ostseedorf-schlichow.de\/?page_id=66","title":{"rendered":"Leben in Schlichow"},"content":{"rendered":"\n<p>Wie wohnt es sich hier?<\/p>\n\n\n\n<p>Ein Ausdruck f\u00fcr das gute Miteinander der Einwohner war die zweimalige Teilnahme an dem Wettbewerb &#8222;Unser Dorf hat Zukunft&#8220;. Bewertet wurden die Eigeninitiative, die Gestaltung des Wohnumfeldes, die sozialen Beziehungen und Visionen f\u00fcr den Ort. Alle machten mit und das Preisgeld wurde nutzbringend verwendet.<\/p>\n\n\n\n<p>Der Vorstand des Schlichower B\u00fcrgerverein e.V. plant und organisiert kulturelle H\u00f6hepunkte, Ausfahrten sowie Arbeitseins\u00e4tze. Das B\u00fcrgerhaus, die ehemalige Schule, spielt dabei eine zentrale Rolle.<\/p>\n\n\n\n<figure class=\"wp-block-image\"><img loading=\"lazy\" decoding=\"async\" width=\"300\" height=\"248\" src=\"https:\/\/ostseedorf-schlichow.de\/wp-content\/uploads\/2018\/06\/IMG_8075-300x248.jpg\" alt=\"\" class=\"wp-image-536\" srcset=\"https:\/\/ostseedorf-schlichow.de\/wp-content\/uploads\/2018\/06\/IMG_8075-300x248.jpg 300w, https:\/\/ostseedorf-schlichow.de\/wp-content\/uploads\/2018\/06\/IMG_8075-768x634.jpg 768w, https:\/\/ostseedorf-schlichow.de\/wp-content\/uploads\/2018\/06\/IMG_8075.jpg 930w\" sizes=\"auto, (max-width: 300px) 100vw, 300px\" \/><\/figure>\n\n\n\n<p><\/p>\n\n\n\n<p>&nbsp;<\/p>\n\n\n\n<figure class=\"wp-block-gallery has-nested-images columns-default is-cropped wp-block-gallery-1 is-layout-flex wp-block-gallery-is-layout-flex\">\n<figure class=\"wp-block-image size-large\"><img loading=\"lazy\" decoding=\"async\" width=\"1024\" height=\"686\" data-id=\"1077\" src=\"https:\/\/ostseedorf-schlichow.de\/wp-content\/uploads\/2025\/01\/40-1024x686.jpg\" alt=\"\" class=\"wp-image-1077\" srcset=\"https:\/\/ostseedorf-schlichow.de\/wp-content\/uploads\/2025\/01\/40-1024x686.jpg 1024w, https:\/\/ostseedorf-schlichow.de\/wp-content\/uploads\/2025\/01\/40-300x201.jpg 300w, https:\/\/ostseedorf-schlichow.de\/wp-content\/uploads\/2025\/01\/40-768x514.jpg 768w, https:\/\/ostseedorf-schlichow.de\/wp-content\/uploads\/2025\/01\/40-1536x1029.jpg 1536w, https:\/\/ostseedorf-schlichow.de\/wp-content\/uploads\/2025\/01\/40.jpg 1780w\" sizes=\"auto, (max-width: 1024px) 100vw, 1024px\" \/><\/figure>\n\n\n\n<figure class=\"wp-block-image size-large\"><img loading=\"lazy\" decoding=\"async\" width=\"1024\" height=\"643\" data-id=\"1076\" src=\"https:\/\/ostseedorf-schlichow.de\/wp-content\/uploads\/2025\/01\/20180722-IMG_8553-1024x643.jpg\" alt=\"\" class=\"wp-image-1076\" srcset=\"https:\/\/ostseedorf-schlichow.de\/wp-content\/uploads\/2025\/01\/20180722-IMG_8553-1024x643.jpg 1024w, https:\/\/ostseedorf-schlichow.de\/wp-content\/uploads\/2025\/01\/20180722-IMG_8553-300x188.jpg 300w, https:\/\/ostseedorf-schlichow.de\/wp-content\/uploads\/2025\/01\/20180722-IMG_8553-768x482.jpg 768w, https:\/\/ostseedorf-schlichow.de\/wp-content\/uploads\/2025\/01\/20180722-IMG_8553-1536x964.jpg 1536w, https:\/\/ostseedorf-schlichow.de\/wp-content\/uploads\/2025\/01\/20180722-IMG_8553-2048x1286.jpg 2048w\" sizes=\"auto, (max-width: 1024px) 100vw, 1024px\" \/><\/figure>\n\n\n\n<figure class=\"wp-block-image size-large\"><img loading=\"lazy\" decoding=\"async\" width=\"1024\" height=\"682\" data-id=\"1079\" src=\"https:\/\/ostseedorf-schlichow.de\/wp-content\/uploads\/2025\/01\/20180722-IMG_8568-1024x682.jpg\" alt=\"\" class=\"wp-image-1079\" srcset=\"https:\/\/ostseedorf-schlichow.de\/wp-content\/uploads\/2025\/01\/20180722-IMG_8568-1024x682.jpg 1024w, https:\/\/ostseedorf-schlichow.de\/wp-content\/uploads\/2025\/01\/20180722-IMG_8568-300x200.jpg 300w, https:\/\/ostseedorf-schlichow.de\/wp-content\/uploads\/2025\/01\/20180722-IMG_8568-768x511.jpg 768w, https:\/\/ostseedorf-schlichow.de\/wp-content\/uploads\/2025\/01\/20180722-IMG_8568-1536x1023.jpg 1536w, https:\/\/ostseedorf-schlichow.de\/wp-content\/uploads\/2025\/01\/20180722-IMG_8568-2048x1364.jpg 2048w\" sizes=\"auto, (max-width: 1024px) 100vw, 1024px\" \/><\/figure>\n\n\n\n<figure class=\"wp-block-image size-large\"><img loading=\"lazy\" decoding=\"async\" width=\"1024\" height=\"768\" data-id=\"1080\" src=\"https:\/\/ostseedorf-schlichow.de\/wp-content\/uploads\/2025\/01\/20181208-20181208-27541-1024x768.jpg\" alt=\"\" class=\"wp-image-1080\" srcset=\"https:\/\/ostseedorf-schlichow.de\/wp-content\/uploads\/2025\/01\/20181208-20181208-27541-1024x768.jpg 1024w, https:\/\/ostseedorf-schlichow.de\/wp-content\/uploads\/2025\/01\/20181208-20181208-27541-300x225.jpg 300w, https:\/\/ostseedorf-schlichow.de\/wp-content\/uploads\/2025\/01\/20181208-20181208-27541-768x576.jpg 768w, https:\/\/ostseedorf-schlichow.de\/wp-content\/uploads\/2025\/01\/20181208-20181208-27541-1536x1152.jpg 1536w, https:\/\/ostseedorf-schlichow.de\/wp-content\/uploads\/2025\/01\/20181208-20181208-27541-2048x1536.jpg 2048w\" sizes=\"auto, (max-width: 1024px) 100vw, 1024px\" \/><\/figure>\n\n\n\n<figure class=\"wp-block-image size-large\"><img loading=\"lazy\" decoding=\"async\" width=\"1024\" height=\"768\" data-id=\"1081\" src=\"https:\/\/ostseedorf-schlichow.de\/wp-content\/uploads\/2025\/01\/20181208-20181208-27543-1024x768.jpg\" alt=\"\" class=\"wp-image-1081\" srcset=\"https:\/\/ostseedorf-schlichow.de\/wp-content\/uploads\/2025\/01\/20181208-20181208-27543-1024x768.jpg 1024w, https:\/\/ostseedorf-schlichow.de\/wp-content\/uploads\/2025\/01\/20181208-20181208-27543-300x225.jpg 300w, https:\/\/ostseedorf-schlichow.de\/wp-content\/uploads\/2025\/01\/20181208-20181208-27543-768x576.jpg 768w, https:\/\/ostseedorf-schlichow.de\/wp-content\/uploads\/2025\/01\/20181208-20181208-27543-1536x1152.jpg 1536w, https:\/\/ostseedorf-schlichow.de\/wp-content\/uploads\/2025\/01\/20181208-20181208-27543-2048x1536.jpg 2048w\" sizes=\"auto, (max-width: 1024px) 100vw, 1024px\" \/><\/figure>\n\n\n\n<figure class=\"wp-block-image size-large\"><img loading=\"lazy\" decoding=\"async\" width=\"1024\" height=\"683\" data-id=\"1078\" src=\"https:\/\/ostseedorf-schlichow.de\/wp-content\/uploads\/2025\/01\/a42-IMG_0668-1024x683.jpg\" alt=\"\" class=\"wp-image-1078\" srcset=\"https:\/\/ostseedorf-schlichow.de\/wp-content\/uploads\/2025\/01\/a42-IMG_0668-1024x683.jpg 1024w, https:\/\/ostseedorf-schlichow.de\/wp-content\/uploads\/2025\/01\/a42-IMG_0668-300x200.jpg 300w, https:\/\/ostseedorf-schlichow.de\/wp-content\/uploads\/2025\/01\/a42-IMG_0668-768x512.jpg 768w, https:\/\/ostseedorf-schlichow.de\/wp-content\/uploads\/2025\/01\/a42-IMG_0668-1536x1024.jpg 1536w, https:\/\/ostseedorf-schlichow.de\/wp-content\/uploads\/2025\/01\/a42-IMG_0668-2048x1365.jpg 2048w\" sizes=\"auto, (max-width: 1024px) 100vw, 1024px\" \/><\/figure>\n\n\n\n<figure class=\"wp-block-image size-large\"><img loading=\"lazy\" decoding=\"async\" width=\"1024\" height=\"768\" data-id=\"1082\" src=\"https:\/\/ostseedorf-schlichow.de\/wp-content\/uploads\/2025\/01\/a57--1024x768.jpg\" alt=\"\" class=\"wp-image-1082\" srcset=\"https:\/\/ostseedorf-schlichow.de\/wp-content\/uploads\/2025\/01\/a57--1024x768.jpg 1024w, https:\/\/ostseedorf-schlichow.de\/wp-content\/uploads\/2025\/01\/a57--300x225.jpg 300w, https:\/\/ostseedorf-schlichow.de\/wp-content\/uploads\/2025\/01\/a57--768x576.jpg 768w, https:\/\/ostseedorf-schlichow.de\/wp-content\/uploads\/2025\/01\/a57--1536x1152.jpg 1536w, https:\/\/ostseedorf-schlichow.de\/wp-content\/uploads\/2025\/01\/a57--2048x1536.jpg 2048w\" sizes=\"auto, (max-width: 1024px) 100vw, 1024px\" \/><\/figure>\n\n\n\n<figure class=\"wp-block-image size-large\"><img loading=\"lazy\" decoding=\"async\" width=\"1024\" height=\"768\" data-id=\"1083\" src=\"https:\/\/ostseedorf-schlichow.de\/wp-content\/uploads\/2025\/01\/a58-IMG_20190323_152407-1024x768.jpg\" alt=\"\" class=\"wp-image-1083\" srcset=\"https:\/\/ostseedorf-schlichow.de\/wp-content\/uploads\/2025\/01\/a58-IMG_20190323_152407-1024x768.jpg 1024w, https:\/\/ostseedorf-schlichow.de\/wp-content\/uploads\/2025\/01\/a58-IMG_20190323_152407-300x225.jpg 300w, https:\/\/ostseedorf-schlichow.de\/wp-content\/uploads\/2025\/01\/a58-IMG_20190323_152407-768x576.jpg 768w, https:\/\/ostseedorf-schlichow.de\/wp-content\/uploads\/2025\/01\/a58-IMG_20190323_152407-1536x1152.jpg 1536w, https:\/\/ostseedorf-schlichow.de\/wp-content\/uploads\/2025\/01\/a58-IMG_20190323_152407-2048x1536.jpg 2048w\" sizes=\"auto, (max-width: 1024px) 100vw, 1024px\" \/><\/figure>\n\n\n\n<figure class=\"wp-block-image size-large\"><img loading=\"lazy\" decoding=\"async\" width=\"1024\" height=\"683\" data-id=\"1085\" src=\"https:\/\/ostseedorf-schlichow.de\/wp-content\/uploads\/2025\/01\/a59-0002-1024x683.jpg\" alt=\"\" class=\"wp-image-1085\" srcset=\"https:\/\/ostseedorf-schlichow.de\/wp-content\/uploads\/2025\/01\/a59-0002-1024x683.jpg 1024w, https:\/\/ostseedorf-schlichow.de\/wp-content\/uploads\/2025\/01\/a59-0002-300x200.jpg 300w, https:\/\/ostseedorf-schlichow.de\/wp-content\/uploads\/2025\/01\/a59-0002-768x512.jpg 768w, https:\/\/ostseedorf-schlichow.de\/wp-content\/uploads\/2025\/01\/a59-0002-1536x1024.jpg 1536w, https:\/\/ostseedorf-schlichow.de\/wp-content\/uploads\/2025\/01\/a59-0002-2048x1365.jpg 2048w\" sizes=\"auto, (max-width: 1024px) 100vw, 1024px\" \/><\/figure>\n\n\n\n<figure class=\"wp-block-image size-large\"><img loading=\"lazy\" decoding=\"async\" width=\"1024\" height=\"683\" data-id=\"1084\" src=\"https:\/\/ostseedorf-schlichow.de\/wp-content\/uploads\/2025\/01\/Auswahl-16-1024x683.jpg\" alt=\"\" class=\"wp-image-1084\" srcset=\"https:\/\/ostseedorf-schlichow.de\/wp-content\/uploads\/2025\/01\/Auswahl-16-1024x683.jpg 1024w, https:\/\/ostseedorf-schlichow.de\/wp-content\/uploads\/2025\/01\/Auswahl-16-300x200.jpg 300w, https:\/\/ostseedorf-schlichow.de\/wp-content\/uploads\/2025\/01\/Auswahl-16-768x512.jpg 768w, https:\/\/ostseedorf-schlichow.de\/wp-content\/uploads\/2025\/01\/Auswahl-16-1536x1024.jpg 1536w, https:\/\/ostseedorf-schlichow.de\/wp-content\/uploads\/2025\/01\/Auswahl-16-2048x1365.jpg 2048w\" sizes=\"auto, (max-width: 1024px) 100vw, 1024px\" \/><\/figure>\n<\/figure>\n","protected":false},"excerpt":{"rendered":"<p>Wie wohnt es sich hier? Ein Ausdruck f\u00fcr das gute Miteinander der Einwohner war die zweimalige Teilnahme an dem Wettbewerb <a class=\"more-link\" href=\"https:\/\/ostseedorf-schlichow.de\/?page_id=66\">Weiterlesen\u00a0\u2026<\/a><\/p>\n","protected":false},"author":1,"featured_media":0,"parent":0,"menu_order":0,"comment_status":"closed","ping_status":"closed","template":"","meta":{"footnotes":""},"class_list":["post-66","page","type-page","status-publish","hentry"],"_links":{"self":[{"href":"https:\/\/ostseedorf-schlichow.de\/index.php?rest_route=\/wp\/v2\/pages\/66","targetHints":{"allow":["GET"]}}],"collection":[{"href":"https:\/\/ostseedorf-schlichow.de\/index.php?rest_route=\/wp\/v2\/pages"}],"about":[{"href":"https:\/\/ostseedorf-schlichow.de\/index.php?rest_route=\/wp\/v2\/types\/page"}],"author":[{"embeddable":true,"href":"https:\/\/ostseedorf-schlichow.de\/index.php?rest_route=\/wp\/v2\/users\/1"}],"replies":[{"embeddable":true,"href":"https:\/\/ostseedorf-schlichow.de\/index.php?rest_route=%2Fwp%2Fv2%2Fcomments&post=66"}],"version-history":[{"count":6,"href":"https:\/\/ostseedorf-schlichow.de\/index.php?rest_route=\/wp\/v2\/pages\/66\/revisions"}],"predecessor-version":[{"id":1150,"href":"https:\/\/ostseedorf-schlichow.de\/index.php?rest_route=\/wp\/v2\/pages\/66\/revisions\/1150"}],"wp:attachment":[{"href":"https:\/\/ostseedorf-schlichow.de\/index.php?rest_route=%2Fwp%2Fv2%2Fmedia&parent=66"}],"curies":[{"name":"wp","href":"https:\/\/api.w.org\/{rel}","templated":true}]}}