{"id":57,"date":"2018-02-25T10:46:57","date_gmt":"2018-02-25T10:46:57","guid":{"rendered":"http:\/\/ostseedorf-schlichow.de\/?page_id=57"},"modified":"2022-03-08T10:02:36","modified_gmt":"2022-03-08T10:02:36","slug":"schlichow-visionen","status":"publish","type":"page","link":"https:\/\/ostseedorf-schlichow.de\/?page_id=57","title":{"rendered":"Schlichow Visionen"},"content":{"rendered":"<p><img loading=\"lazy\" decoding=\"async\" class=\"wp-image-341 alignright\" src=\"https:\/\/ostseedorf-schlichow.de\/wp-content\/uploads\/2018\/05\/Vision-Damm.jpg\" alt=\"\" width=\"448\" height=\"246\" srcset=\"https:\/\/ostseedorf-schlichow.de\/wp-content\/uploads\/2018\/05\/Vision-Damm.jpg 1280w, https:\/\/ostseedorf-schlichow.de\/wp-content\/uploads\/2018\/05\/Vision-Damm-300x165.jpg 300w, https:\/\/ostseedorf-schlichow.de\/wp-content\/uploads\/2018\/05\/Vision-Damm-768x421.jpg 768w, https:\/\/ostseedorf-schlichow.de\/wp-content\/uploads\/2018\/05\/Vision-Damm-1024x562.jpg 1024w\" sizes=\"auto, (max-width: 448px) 100vw, 448px\" \/><\/p>\n<p>Schlichow ist direkter Anrainer des zuk\u00fcnftigen Cottbuser Ostsees.<\/p>\n<p>Noch muss man &#8222;auf den Damm klettern&#8220;, um die Entwicklung vom Tagebau zum See beobachten zu k\u00f6nnen. Die Meinungen der Einwohner zum \u00dcbergang des Ortes zum See wurden viele Jahre diskutiert. Einige hatten sich so an den Damm gew\u00f6hnt, dass sie ihn behalten wollen. Wenige Einwohner bef\u00fcrworteten das vollst\u00e4ndige Abtragen der Erdmassen und den freien Blick auf die Wasserfl\u00e4che. Die meisten B\u00fcrger waren aber f\u00fcr einen Kompromiss und w\u00fcnschten sich eine breite \u00d6ffnung des Dammes am Ende der Dorfstra\u00dfe, mit einem sch\u00f6nen Blick auf den See. Hier k\u00f6nnten die Bootsanlegestelle und ein kleines Restaurant mit einer einladenden Terrasse gebaut werden.<\/p>\n<p>Es gibt bereits ein Modell, um sich diese Zukunftvision besser vorstellen zu k\u00f6nnen. Diese Fotomontage entstand anl\u00e4sslich des Wettbewerbs &#8222;Unser Dorf hat Zukunft&#8220;.<\/p>\n<p>Die LEAG lie\u00df gemeinsam mit der Stadt Vorschl\u00e4ge erarbeiten, um die Gestaltung des Areals zu planen. Dies ist 2021 geschehen und soll im M\u00e4rz 2022 den interessierten B\u00fcrgern vorgestellt werden.<\/p>\n","protected":false},"excerpt":{"rendered":"<p>Schlichow ist direkter Anrainer des zuk\u00fcnftigen Cottbuser Ostsees. Noch muss man &#8222;auf den Damm klettern&#8220;, um die Entwicklung vom Tagebau <a class=\"more-link\" href=\"https:\/\/ostseedorf-schlichow.de\/?page_id=57\">Weiterlesen\u00a0\u2026<\/a><\/p>\n","protected":false},"author":1,"featured_media":296,"parent":25,"menu_order":3,"comment_status":"closed","ping_status":"closed","template":"","meta":{"footnotes":""},"class_list":["post-57","page","type-page","status-publish","has-post-thumbnail","hentry"],"_links":{"self":[{"href":"https:\/\/ostseedorf-schlichow.de\/index.php?rest_route=\/wp\/v2\/pages\/57","targetHints":{"allow":["GET"]}}],"collection":[{"href":"https:\/\/ostseedorf-schlichow.de\/index.php?rest_route=\/wp\/v2\/pages"}],"about":[{"href":"https:\/\/ostseedorf-schlichow.de\/index.php?rest_route=\/wp\/v2\/types\/page"}],"author":[{"embeddable":true,"href":"https:\/\/ostseedorf-schlichow.de\/index.php?rest_route=\/wp\/v2\/users\/1"}],"replies":[{"embeddable":true,"href":"https:\/\/ostseedorf-schlichow.de\/index.php?rest_route=%2Fwp%2Fv2%2Fcomments&post=57"}],"version-history":[{"count":7,"href":"https:\/\/ostseedorf-schlichow.de\/index.php?rest_route=\/wp\/v2\/pages\/57\/revisions"}],"predecessor-version":[{"id":794,"href":"https:\/\/ostseedorf-schlichow.de\/index.php?rest_route=\/wp\/v2\/pages\/57\/revisions\/794"}],"up":[{"embeddable":true,"href":"https:\/\/ostseedorf-schlichow.de\/index.php?rest_route=\/wp\/v2\/pages\/25"}],"wp:featuredmedia":[{"embeddable":true,"href":"https:\/\/ostseedorf-schlichow.de\/index.php?rest_route=\/wp\/v2\/media\/296"}],"wp:attachment":[{"href":"https:\/\/ostseedorf-schlichow.de\/index.php?rest_route=%2Fwp%2Fv2%2Fmedia&parent=57"}],"curies":[{"name":"wp","href":"https:\/\/api.w.org\/{rel}","templated":true}]}}