{"id":564,"date":"2018-07-22T12:04:39","date_gmt":"2018-07-22T12:04:39","guid":{"rendered":"https:\/\/ostseedorf-schlichow.de\/?page_id=564"},"modified":"2018-07-22T12:04:54","modified_gmt":"2018-07-22T12:04:54","slug":"suedeck","status":"publish","type":"page","link":"https:\/\/ostseedorf-schlichow.de\/?page_id=564","title":{"rendered":"S\u00fcdeck"},"content":{"rendered":"<p>Ganz im S\u00fcden des zuk\u00fcnftigen Cottbuser Ostsees wurde von Vattenfall schon sehr zeitig ein Aussichtspunkt mit\u00a0 Schutzh\u00fctte, Schautafeln und zwei Liegest\u00fchlen eingerichtet.<\/p>\n<p>Vom Parkplatz aus sind es 3 km die man per Rad oder zu Fu\u00df zur\u00fcck legen kann. Hier kann das Ansteigen des Grundwassers schon lange beobachtet werden. Der S\u00fcdrandschlauch (ca.20-30m tief) ist gerade bei Sonnenuntergang ein romantisches Erlebnis.<\/p>\n<p>Schautafeln berichten vom Wandel der Landschaft und erkl\u00e4ren die entstehenden Abschnitte des Sees.<\/p>\n<p><img loading=\"lazy\" decoding=\"async\" class=\"alignnone wp-image-470\" src=\"https:\/\/ostseedorf-schlichow.de\/wp-content\/uploads\/2018\/06\/IMG_8189-300x200.jpg\" alt=\"\" width=\"338\" height=\"225\" srcset=\"https:\/\/ostseedorf-schlichow.de\/wp-content\/uploads\/2018\/06\/IMG_8189-300x200.jpg 300w, https:\/\/ostseedorf-schlichow.de\/wp-content\/uploads\/2018\/06\/IMG_8189.jpg 448w\" sizes=\"auto, (max-width: 338px) 100vw, 338px\" \/>\u00a0\u00a0 <img loading=\"lazy\" decoding=\"async\" class=\"alignnone wp-image-468\" src=\"https:\/\/ostseedorf-schlichow.de\/wp-content\/uploads\/2018\/06\/IMG_8017-1-300x198.jpg\" alt=\"\" width=\"338\" height=\"223\" srcset=\"https:\/\/ostseedorf-schlichow.de\/wp-content\/uploads\/2018\/06\/IMG_8017-1-300x198.jpg 300w, https:\/\/ostseedorf-schlichow.de\/wp-content\/uploads\/2018\/06\/IMG_8017-1.jpg 448w\" sizes=\"auto, (max-width: 338px) 100vw, 338px\" \/><\/p>\n<p>&nbsp;<\/p>\n","protected":false},"excerpt":{"rendered":"<p>Ganz im S\u00fcden des zuk\u00fcnftigen Cottbuser Ostsees wurde von Vattenfall schon sehr zeitig ein Aussichtspunkt mit\u00a0 Schutzh\u00fctte, Schautafeln und zwei <a class=\"more-link\" href=\"https:\/\/ostseedorf-schlichow.de\/?page_id=564\">Weiterlesen\u00a0\u2026<\/a><\/p>\n","protected":false},"author":1,"featured_media":553,"parent":0,"menu_order":0,"comment_status":"closed","ping_status":"closed","template":"","meta":{"footnotes":""},"class_list":["post-564","page","type-page","status-publish","has-post-thumbnail","hentry"],"_links":{"self":[{"href":"https:\/\/ostseedorf-schlichow.de\/index.php?rest_route=\/wp\/v2\/pages\/564","targetHints":{"allow":["GET"]}}],"collection":[{"href":"https:\/\/ostseedorf-schlichow.de\/index.php?rest_route=\/wp\/v2\/pages"}],"about":[{"href":"https:\/\/ostseedorf-schlichow.de\/index.php?rest_route=\/wp\/v2\/types\/page"}],"author":[{"embeddable":true,"href":"https:\/\/ostseedorf-schlichow.de\/index.php?rest_route=\/wp\/v2\/users\/1"}],"replies":[{"embeddable":true,"href":"https:\/\/ostseedorf-schlichow.de\/index.php?rest_route=%2Fwp%2Fv2%2Fcomments&post=564"}],"version-history":[{"count":1,"href":"https:\/\/ostseedorf-schlichow.de\/index.php?rest_route=\/wp\/v2\/pages\/564\/revisions"}],"predecessor-version":[{"id":565,"href":"https:\/\/ostseedorf-schlichow.de\/index.php?rest_route=\/wp\/v2\/pages\/564\/revisions\/565"}],"wp:featuredmedia":[{"embeddable":true,"href":"https:\/\/ostseedorf-schlichow.de\/index.php?rest_route=\/wp\/v2\/media\/553"}],"wp:attachment":[{"href":"https:\/\/ostseedorf-schlichow.de\/index.php?rest_route=%2Fwp%2Fv2%2Fmedia&parent=564"}],"curies":[{"name":"wp","href":"https:\/\/api.w.org\/{rel}","templated":true}]}}