{"id":54,"date":"2018-02-25T10:44:14","date_gmt":"2018-02-25T10:44:14","guid":{"rendered":"http:\/\/ostseedorf-schlichow.de\/?page_id=54"},"modified":"2018-07-22T11:00:04","modified_gmt":"2018-07-22T11:00:04","slug":"schlichow-gestern","status":"publish","type":"page","link":"https:\/\/ostseedorf-schlichow.de\/?page_id=54","title":{"rendered":"Schlichow gestern"},"content":{"rendered":"<p><img loading=\"lazy\" decoding=\"async\" class=\" wp-image-340 alignleft\" src=\"https:\/\/ostseedorf-schlichow.de\/wp-content\/uploads\/2018\/05\/Rittergut-Schlichow-1.jpg\" alt=\"\" width=\"345\" height=\"539\" srcset=\"https:\/\/ostseedorf-schlichow.de\/wp-content\/uploads\/2018\/05\/Rittergut-Schlichow-1.jpg 365w, https:\/\/ostseedorf-schlichow.de\/wp-content\/uploads\/2018\/05\/Rittergut-Schlichow-1-192x300.jpg 192w\" sizes=\"auto, (max-width: 345px) 100vw, 345px\" \/>Die erste Erw\u00e4hnung von Schlichow stammt aus dem Jahre 1440, allerdings dort unter dem Namen Slixdorf. Zur damaligen Zeit existierte bereits ein Gut in Schlichow. 1652 war Christoff von Pannwizen Gutsherr in Schlichow, seien Familie hatte das Gut ab dem 15.Jahrhundert besessen. Ab 1846 gab es dann verschiedene Eigent\u00fcmer. Im Jahre 1783 lebten in Schlichow 115 Einwohner. Im 18.Jahrhundert wurde erstmals eine schul\u00e4hnliche Bildung f\u00fcr die Kinder in Schlichow eingerichtet. Der Ort besa\u00df noch kein Schulgeb\u00e4ude, so das die Kinder abwechselnd in einzelnen H\u00e4usern, sp\u00e4ter in der Sch\u00e4ferei, unterrichtet wurden. 1790 wurde ein Schulgeb\u00e4ude gebaut, dass sp\u00e4ter aber wieder abgerissen wurde. 1897 wurde die neue Schule eingeweiht, in der sich heute das B\u00fcrgerhaus befindet.<\/p>\n<p>Im Jahre 1921 erwarb der Vater von Oskar Trautmann und er das Gut von Schlichow. Oskar Trautmann war von 1907 bis zum Ausbruch des 1.Weltkrieges Vizekonsul in Petersburg.1922-1924 war an er an der Botschaft in Japan t\u00e4tig. Danach arbeitete Oskar Trautmann bis 1933 als Ministerialrat im Ausw\u00e4rtigen Amt der Weimarer Republik. Von 1933 bis 1938 war er Botschaftsrat in China.<\/p>\n","protected":false},"excerpt":{"rendered":"<p>Die erste Erw\u00e4hnung von Schlichow stammt aus dem Jahre 1440, allerdings dort unter dem Namen Slixdorf. Zur damaligen Zeit existierte <a class=\"more-link\" href=\"https:\/\/ostseedorf-schlichow.de\/?page_id=54\">Weiterlesen\u00a0\u2026<\/a><\/p>\n","protected":false},"author":1,"featured_media":0,"parent":25,"menu_order":2,"comment_status":"closed","ping_status":"closed","template":"","meta":{"footnotes":""},"class_list":["post-54","page","type-page","status-publish","hentry"],"_links":{"self":[{"href":"https:\/\/ostseedorf-schlichow.de\/index.php?rest_route=\/wp\/v2\/pages\/54","targetHints":{"allow":["GET"]}}],"collection":[{"href":"https:\/\/ostseedorf-schlichow.de\/index.php?rest_route=\/wp\/v2\/pages"}],"about":[{"href":"https:\/\/ostseedorf-schlichow.de\/index.php?rest_route=\/wp\/v2\/types\/page"}],"author":[{"embeddable":true,"href":"https:\/\/ostseedorf-schlichow.de\/index.php?rest_route=\/wp\/v2\/users\/1"}],"replies":[{"embeddable":true,"href":"https:\/\/ostseedorf-schlichow.de\/index.php?rest_route=%2Fwp%2Fv2%2Fcomments&post=54"}],"version-history":[{"count":7,"href":"https:\/\/ostseedorf-schlichow.de\/index.php?rest_route=\/wp\/v2\/pages\/54\/revisions"}],"predecessor-version":[{"id":551,"href":"https:\/\/ostseedorf-schlichow.de\/index.php?rest_route=\/wp\/v2\/pages\/54\/revisions\/551"}],"up":[{"embeddable":true,"href":"https:\/\/ostseedorf-schlichow.de\/index.php?rest_route=\/wp\/v2\/pages\/25"}],"wp:attachment":[{"href":"https:\/\/ostseedorf-schlichow.de\/index.php?rest_route=%2Fwp%2Fv2%2Fmedia&parent=54"}],"curies":[{"name":"wp","href":"https:\/\/api.w.org\/{rel}","templated":true}]}}