{"id":36,"date":"2018-02-25T10:26:10","date_gmt":"2018-02-25T10:26:10","guid":{"rendered":"http:\/\/ostseedorf-schlichow.de\/?page_id=36"},"modified":"2025-04-24T06:33:59","modified_gmt":"2025-04-24T06:33:59","slug":"buergerverein","status":"publish","type":"page","link":"https:\/\/ostseedorf-schlichow.de\/?page_id=36","title":{"rendered":"B\u00fcrgerverein"},"content":{"rendered":"<p>Der B\u00fcrgerverein wurde am 4. April 1997 gegr\u00fcndet. Der Verein hat 54 Mitglieder\u00a0 und 2 Ehrenmitglieder (03\/2025).<\/p>\n<p>Die Ziele des B\u00fcrgervereins sind:<\/p>\n<ul>\n<li>F\u00f6rderung des gemeinsamen Zusammenlebens<\/li>\n<li>F\u00f6rderung von Kunst und Kultur<\/li>\n<li>F\u00f6rderung des Naturschutzes und der Landschaftspflege<\/li>\n<li>F\u00f6rderung des Sports<\/li>\n<li>F\u00f6rderung des regionalen Brauchtums<\/li>\n<li>Erhaltung und Betreiben des Schlichower B\u00fcrgerhauses<\/li>\n<li>Vertretung der Interessen der Einwohner des Cottbuser Ortsteils Schlichow<\/li>\n<\/ul>\n<p>Wir unterst\u00fctzen auch die verschiedenen Veranstaltungen der Schlichower Vereine.<\/p>\n<p>Der Vorstand<\/p>\n<ul>\n<li style=\"list-style-type: none;\">\n<ul>\n<li style=\"text-align: left;\">Vorsitzender: Frank Sidon<\/li>\n<\/ul>\n<\/li>\n<\/ul>\n<ul>\n<li style=\"list-style-type: none;\">\n<ul>\n<li style=\"text-align: left;\">Stellvertreter: J\u00fcrgen Sch\u00f6kel<\/li>\n<\/ul>\n<\/li>\n<\/ul>\n<ul>\n<li style=\"list-style-type: none;\">\n<ul>\n<li style=\"text-align: left;\">Schriftf\u00fchrer: Michael Schwieger<\/li>\n<\/ul>\n<\/li>\n<\/ul>\n<ul>\n<li style=\"list-style-type: none;\">\n<ul>\n<li style=\"list-style-type: none;\">\n<ul>\n<li style=\"text-align: left;\">Kassenwart: Berit Quapil<\/li>\n<\/ul>\n<\/li>\n<\/ul>\n<\/li>\n<\/ul>\n<ul>\n<li style=\"list-style-type: none;\">\n<ul>\n<li style=\"text-align: left;\">Traditionspflege: Petra Hoffmann<\/li>\n<\/ul>\n<\/li>\n<\/ul>\n<ul>\n<li style=\"list-style-type: none;\">\n<ul>\n<li style=\"text-align: left;\">Verbindung Sportverein: Thomas Kurt<\/li>\n<\/ul>\n<\/li>\n<\/ul>\n<p style=\"text-align: left;\">(Stand 04\/2025)<\/p>\n","protected":false},"excerpt":{"rendered":"<p>Der B\u00fcrgerverein wurde am 4. April 1997 gegr\u00fcndet. Der Verein hat 54 Mitglieder\u00a0 und 2 Ehrenmitglieder (03\/2025). Die Ziele des <a class=\"more-link\" href=\"https:\/\/ostseedorf-schlichow.de\/?page_id=36\">Weiterlesen\u00a0\u2026<\/a><\/p>\n","protected":false},"author":1,"featured_media":0,"parent":0,"menu_order":0,"comment_status":"closed","ping_status":"closed","template":"","meta":{"footnotes":""},"class_list":["post-36","page","type-page","status-publish","hentry"],"_links":{"self":[{"href":"https:\/\/ostseedorf-schlichow.de\/index.php?rest_route=\/wp\/v2\/pages\/36","targetHints":{"allow":["GET"]}}],"collection":[{"href":"https:\/\/ostseedorf-schlichow.de\/index.php?rest_route=\/wp\/v2\/pages"}],"about":[{"href":"https:\/\/ostseedorf-schlichow.de\/index.php?rest_route=\/wp\/v2\/types\/page"}],"author":[{"embeddable":true,"href":"https:\/\/ostseedorf-schlichow.de\/index.php?rest_route=\/wp\/v2\/users\/1"}],"replies":[{"embeddable":true,"href":"https:\/\/ostseedorf-schlichow.de\/index.php?rest_route=%2Fwp%2Fv2%2Fcomments&post=36"}],"version-history":[{"count":13,"href":"https:\/\/ostseedorf-schlichow.de\/index.php?rest_route=\/wp\/v2\/pages\/36\/revisions"}],"predecessor-version":[{"id":1197,"href":"https:\/\/ostseedorf-schlichow.de\/index.php?rest_route=\/wp\/v2\/pages\/36\/revisions\/1197"}],"wp:attachment":[{"href":"https:\/\/ostseedorf-schlichow.de\/index.php?rest_route=%2Fwp%2Fv2%2Fmedia&parent=36"}],"curies":[{"name":"wp","href":"https:\/\/api.w.org\/{rel}","templated":true}]}}