{"id":264,"date":"2018-05-01T19:33:47","date_gmt":"2018-05-01T19:33:47","guid":{"rendered":"https:\/\/ostseedorf-schlichow.de\/?page_id=264"},"modified":"2025-01-21T18:55:30","modified_gmt":"2025-01-21T18:55:30","slug":"ausflugsziele","status":"publish","type":"page","link":"https:\/\/ostseedorf-schlichow.de\/?page_id=264","title":{"rendered":"Ausflugsziele"},"content":{"rendered":"<div class=\"wp-block-post-date__modified-date has-text-align-right wp-block-post-date\"><time datetime=\"2025-01-21T18:55:30+00:00\">21. Januar 2025<\/time><\/div>\n\n<p>Schlichow und Umgebung hat einiges zu bieten.<\/p>\n<p>Schon kurz vor dem Ortseingang liegt die Schlichower H\u00f6he. F\u00e4hrt man weiter, gelangt man zur Dakota Ranch mit der Pferdekoppel. Auf dem Weg zum Sportplatz kann man auf der rechten Seite das Gutshaus sehen, welches aufgund der Auflagen des Denkmalschutzes nicht mehr zu erhalten ist. Es ist das \u00e4lteste Geb\u00e4ude des Ortes. Am Ende der Stra\u00dfe versperrt der L\u00e4rmschutzwall den Blick auf den Cottbuser Ostsee. Wendet man sich am Parkplatz nach rechts, so kommt man zur &#8222;Gedenkst\u00e4tte Klein Lieskow&#8220; und ca. 2 km weiter zum &#8222;S\u00fcdeck&#8220;. Geht man am Parkplatz nach links, kommt man zum schattigen Findlingsgarten und ca. 2 km weiter zu einem Platz, von dem man einen wunderbaren Blick zum Merzdorfer Aussichtsturm und auf die zuk\u00fcnftige Hafenanlage hat.<\/p>\n<p>Selbst geschnitzte Wegweiser weisen den Weg.<\/p>\n<p>Die teilweise gut ausgebaute Stra\u00dfe (Werksstra\u00dfe) um den k\u00fcnftigen Ostsee l\u00e4dt zu Fahrrad- und Skater-Touren ein.<\/p>\n\n\n<p><\/p>\n","protected":false},"excerpt":{"rendered":"<p>Schlichow und Umgebung hat einiges zu bieten. Schon kurz vor dem Ortseingang liegt die Schlichower H\u00f6he. F\u00e4hrt man weiter, gelangt <a class=\"more-link\" href=\"https:\/\/ostseedorf-schlichow.de\/?page_id=264\">Weiterlesen\u00a0\u2026<\/a><\/p>\n","protected":false},"author":1,"featured_media":290,"parent":0,"menu_order":0,"comment_status":"closed","ping_status":"closed","template":"","meta":{"footnotes":""},"class_list":["post-264","page","type-page","status-publish","has-post-thumbnail","hentry"],"_links":{"self":[{"href":"https:\/\/ostseedorf-schlichow.de\/index.php?rest_route=\/wp\/v2\/pages\/264","targetHints":{"allow":["GET"]}}],"collection":[{"href":"https:\/\/ostseedorf-schlichow.de\/index.php?rest_route=\/wp\/v2\/pages"}],"about":[{"href":"https:\/\/ostseedorf-schlichow.de\/index.php?rest_route=\/wp\/v2\/types\/page"}],"author":[{"embeddable":true,"href":"https:\/\/ostseedorf-schlichow.de\/index.php?rest_route=\/wp\/v2\/users\/1"}],"replies":[{"embeddable":true,"href":"https:\/\/ostseedorf-schlichow.de\/index.php?rest_route=%2Fwp%2Fv2%2Fcomments&post=264"}],"version-history":[{"count":6,"href":"https:\/\/ostseedorf-schlichow.de\/index.php?rest_route=\/wp\/v2\/pages\/264\/revisions"}],"predecessor-version":[{"id":977,"href":"https:\/\/ostseedorf-schlichow.de\/index.php?rest_route=\/wp\/v2\/pages\/264\/revisions\/977"}],"wp:featuredmedia":[{"embeddable":true,"href":"https:\/\/ostseedorf-schlichow.de\/index.php?rest_route=\/wp\/v2\/media\/290"}],"wp:attachment":[{"href":"https:\/\/ostseedorf-schlichow.de\/index.php?rest_route=%2Fwp%2Fv2%2Fmedia&parent=264"}],"curies":[{"name":"wp","href":"https:\/\/api.w.org\/{rel}","templated":true}]}}