{"id":210,"date":"2018-03-13T20:42:37","date_gmt":"2018-03-13T20:42:37","guid":{"rendered":"https:\/\/ostseedorf-schlichow.de\/?page_id=210"},"modified":"2025-02-22T18:50:28","modified_gmt":"2025-02-22T18:50:28","slug":"dorfleben","status":"publish","type":"page","link":"https:\/\/ostseedorf-schlichow.de\/?page_id=210","title":{"rendered":"Dorfleben"},"content":{"rendered":"\n<p>Schlichow hat ein reiches Dorfleben.<\/p>\n\n\n\n<p>Anfang des Jahres zampert die Dorfgemeinschaft und sammelt bunt verkleidet und tanzend Geld f\u00fcr k\u00fcnftige gemeinsame Aktivit\u00e4ten. Es werden auch noch (wie fr\u00fcher \u00fcblich) Eier gegeben, die dann am Abend in gemeinsamer Runde verspeist werden.<\/p>\n\n\n\n<figure class=\"wp-block-gallery has-nested-images columns-default is-cropped wp-block-gallery-1 is-layout-flex wp-block-gallery-is-layout-flex\">\n<figure class=\"wp-block-image size-large\"><img loading=\"lazy\" decoding=\"async\" width=\"640\" height=\"632\" data-id=\"1159\" src=\"https:\/\/ostseedorf-schlichow.de\/wp-content\/uploads\/2025\/02\/PHOTO-2024-01-20-17-35-21.jpg\" alt=\"\" class=\"wp-image-1159\" srcset=\"https:\/\/ostseedorf-schlichow.de\/wp-content\/uploads\/2025\/02\/PHOTO-2024-01-20-17-35-21.jpg 640w, https:\/\/ostseedorf-schlichow.de\/wp-content\/uploads\/2025\/02\/PHOTO-2024-01-20-17-35-21-300x296.jpg 300w\" sizes=\"auto, (max-width: 640px) 100vw, 640px\" \/><\/figure>\n<\/figure>\n\n\n\n<p><br>Die Sorbische Fastnacht wird auch in Schlichow gefeiert. Dazu kleiden sich die Paare in sorbische Trachten und ziehen unter der F\u00fchrung einer Blaskapelle durch den Ort. Viele Dorfbewohner laden die Umz\u00fcgler zur Einkehr auf ihr Grundst\u00fcck ein.<br><\/p>\n\n\n\n<figure class=\"wp-block-gallery has-nested-images columns-default is-cropped wp-block-gallery-2 is-layout-flex wp-block-gallery-is-layout-flex\">\n<figure class=\"wp-block-image size-large\"><img loading=\"lazy\" decoding=\"async\" width=\"1024\" height=\"576\" data-id=\"1160\" src=\"https:\/\/ostseedorf-schlichow.de\/wp-content\/uploads\/2025\/02\/IMG_6534-1024x576.jpg\" alt=\"\" class=\"wp-image-1160\" srcset=\"https:\/\/ostseedorf-schlichow.de\/wp-content\/uploads\/2025\/02\/IMG_6534-1024x576.jpg 1024w, https:\/\/ostseedorf-schlichow.de\/wp-content\/uploads\/2025\/02\/IMG_6534-300x169.jpg 300w, https:\/\/ostseedorf-schlichow.de\/wp-content\/uploads\/2025\/02\/IMG_6534-768x432.jpg 768w, https:\/\/ostseedorf-schlichow.de\/wp-content\/uploads\/2025\/02\/IMG_6534-1536x864.jpg 1536w, https:\/\/ostseedorf-schlichow.de\/wp-content\/uploads\/2025\/02\/IMG_6534-2048x1152.jpg 2048w, https:\/\/ostseedorf-schlichow.de\/wp-content\/uploads\/2025\/02\/IMG_6534-780x439.jpg 780w, https:\/\/ostseedorf-schlichow.de\/wp-content\/uploads\/2025\/02\/IMG_6534-800x450.jpg 800w, https:\/\/ostseedorf-schlichow.de\/wp-content\/uploads\/2025\/02\/IMG_6534-400x225.jpg 400w\" sizes=\"auto, (max-width: 1024px) 100vw, 1024px\" \/><\/figure>\n<\/figure>\n\n\n\n<figure class=\"wp-block-gallery has-nested-images columns-default is-cropped wp-block-gallery-3 is-layout-flex wp-block-gallery-is-layout-flex\">\n<figure class=\"wp-block-image size-large\"><img loading=\"lazy\" decoding=\"async\" width=\"1024\" height=\"683\" data-id=\"1161\" src=\"https:\/\/ostseedorf-schlichow.de\/wp-content\/uploads\/2025\/02\/IMG_6498-1024x683.jpg\" alt=\"\" class=\"wp-image-1161\" srcset=\"https:\/\/ostseedorf-schlichow.de\/wp-content\/uploads\/2025\/02\/IMG_6498-1024x683.jpg 1024w, https:\/\/ostseedorf-schlichow.de\/wp-content\/uploads\/2025\/02\/IMG_6498-300x200.jpg 300w, https:\/\/ostseedorf-schlichow.de\/wp-content\/uploads\/2025\/02\/IMG_6498-768x512.jpg 768w, https:\/\/ostseedorf-schlichow.de\/wp-content\/uploads\/2025\/02\/IMG_6498-1536x1024.jpg 1536w, https:\/\/ostseedorf-schlichow.de\/wp-content\/uploads\/2025\/02\/IMG_6498-2048x1365.jpg 2048w\" sizes=\"auto, (max-width: 1024px) 100vw, 1024px\" \/><\/figure>\n<\/figure>\n\n\n\n<p>Vor Ostern bemalen Kinder und M\u00fctter Eier nach sorbischem Brauch. Die Schlichower Jugend errichtet allj\u00e4hrlich ein meterhohes Osterfeuer und ein kleineres Feuer f\u00fcr die Kinder, welches zeitiger angez\u00fcndet wird.<br>Auch das Maibaum Aufstellen ist eine Aufgabe der Jugend, das am 1. Mai auf dem Sportplatz mit vereinten Kr\u00e4ften traditionell, unter dem Beifall der Zugucker durchgef\u00fchrt wird. Es ist wieder eine Gelegenheit, wo Jung und Alt zusammen kommen.<br>Im Sommer organisiert der Sport- und B\u00fcrgerverein ein Sportfest f\u00fcr die Schlichower Einwohner, zu dem auch B\u00fcrger der Nachbargemeinden gern gesehen sind.<\/p>\n\n\n\n<figure class=\"wp-block-image size-large\"><img loading=\"lazy\" decoding=\"async\" width=\"1024\" height=\"768\" src=\"https:\/\/ostseedorf-schlichow.de\/wp-content\/uploads\/2025\/02\/20241207-20241207-IMG_6558-1024x768.jpg\" alt=\"\" class=\"wp-image-1163\" srcset=\"https:\/\/ostseedorf-schlichow.de\/wp-content\/uploads\/2025\/02\/20241207-20241207-IMG_6558-1024x768.jpg 1024w, https:\/\/ostseedorf-schlichow.de\/wp-content\/uploads\/2025\/02\/20241207-20241207-IMG_6558-300x225.jpg 300w, https:\/\/ostseedorf-schlichow.de\/wp-content\/uploads\/2025\/02\/20241207-20241207-IMG_6558-768x576.jpg 768w, https:\/\/ostseedorf-schlichow.de\/wp-content\/uploads\/2025\/02\/20241207-20241207-IMG_6558-1536x1152.jpg 1536w, https:\/\/ostseedorf-schlichow.de\/wp-content\/uploads\/2025\/02\/20241207-20241207-IMG_6558-2048x1536.jpg 2048w\" sizes=\"auto, (max-width: 1024px) 100vw, 1024px\" \/><\/figure>\n\n\n\n<p>Ein Highlight jedes Jahres ist der Schlichower Weihnachtsmarkt, der seit 2008 in der liebevoll dekorierten Scheune der Dakota-Ranch stattfindet. Neben vielen St\u00e4nden mit Essen und Getr\u00e4nken gibt es auch einen Stand, an dem von den Schlichowern selbst geschnitzte Birkenkerzen und andere selbst gemachte Dinge verkauft werden. Au\u00dferdem gibt es ein Karussell f\u00fcr die Kinder. Es kommt der Weihnachtsmann und seit 2017 das sorbische Christkind.<\/p>\n\n\n\n<p><\/p>\n\n\n\n<figure class=\"wp-block-image size-large\"><img loading=\"lazy\" decoding=\"async\" width=\"1024\" height=\"768\" src=\"https:\/\/ostseedorf-schlichow.de\/wp-content\/uploads\/2025\/02\/20221203-20221203-IMG_5075-1024x768.jpg\" alt=\"\" class=\"wp-image-1162\" srcset=\"https:\/\/ostseedorf-schlichow.de\/wp-content\/uploads\/2025\/02\/20221203-20221203-IMG_5075-1024x768.jpg 1024w, https:\/\/ostseedorf-schlichow.de\/wp-content\/uploads\/2025\/02\/20221203-20221203-IMG_5075-300x225.jpg 300w, https:\/\/ostseedorf-schlichow.de\/wp-content\/uploads\/2025\/02\/20221203-20221203-IMG_5075-768x576.jpg 768w, https:\/\/ostseedorf-schlichow.de\/wp-content\/uploads\/2025\/02\/20221203-20221203-IMG_5075-1536x1152.jpg 1536w, https:\/\/ostseedorf-schlichow.de\/wp-content\/uploads\/2025\/02\/20221203-20221203-IMG_5075-2048x1536.jpg 2048w\" sizes=\"auto, (max-width: 1024px) 100vw, 1024px\" \/><\/figure>\n\n\n\n<figure class=\"wp-block-image size-large\"><img loading=\"lazy\" decoding=\"async\" width=\"768\" height=\"1024\" src=\"https:\/\/ostseedorf-schlichow.de\/wp-content\/uploads\/2025\/02\/20241207-20241207-IMG_6549-768x1024.jpg\" alt=\"\" class=\"wp-image-1166\" srcset=\"https:\/\/ostseedorf-schlichow.de\/wp-content\/uploads\/2025\/02\/20241207-20241207-IMG_6549-768x1024.jpg 768w, https:\/\/ostseedorf-schlichow.de\/wp-content\/uploads\/2025\/02\/20241207-20241207-IMG_6549-225x300.jpg 225w, https:\/\/ostseedorf-schlichow.de\/wp-content\/uploads\/2025\/02\/20241207-20241207-IMG_6549-1152x1536.jpg 1152w, https:\/\/ostseedorf-schlichow.de\/wp-content\/uploads\/2025\/02\/20241207-20241207-IMG_6549-1536x2048.jpg 1536w, https:\/\/ostseedorf-schlichow.de\/wp-content\/uploads\/2025\/02\/20241207-20241207-IMG_6549-scaled.jpg 1920w\" sizes=\"auto, (max-width: 768px) 100vw, 768px\" \/><\/figure>\n","protected":false},"excerpt":{"rendered":"<p>Schlichow hat ein reiches Dorfleben. Anfang des Jahres zampert die Dorfgemeinschaft und sammelt bunt verkleidet und tanzend Geld f\u00fcr k\u00fcnftige <a class=\"more-link\" href=\"https:\/\/ostseedorf-schlichow.de\/?page_id=210\">Weiterlesen\u00a0\u2026<\/a><\/p>\n","protected":false},"author":1,"featured_media":392,"parent":0,"menu_order":0,"comment_status":"closed","ping_status":"closed","template":"","meta":{"footnotes":""},"class_list":["post-210","page","type-page","status-publish","has-post-thumbnail","hentry"],"_links":{"self":[{"href":"https:\/\/ostseedorf-schlichow.de\/index.php?rest_route=\/wp\/v2\/pages\/210","targetHints":{"allow":["GET"]}}],"collection":[{"href":"https:\/\/ostseedorf-schlichow.de\/index.php?rest_route=\/wp\/v2\/pages"}],"about":[{"href":"https:\/\/ostseedorf-schlichow.de\/index.php?rest_route=\/wp\/v2\/types\/page"}],"author":[{"embeddable":true,"href":"https:\/\/ostseedorf-schlichow.de\/index.php?rest_route=\/wp\/v2\/users\/1"}],"replies":[{"embeddable":true,"href":"https:\/\/ostseedorf-schlichow.de\/index.php?rest_route=%2Fwp%2Fv2%2Fcomments&post=210"}],"version-history":[{"count":12,"href":"https:\/\/ostseedorf-schlichow.de\/index.php?rest_route=\/wp\/v2\/pages\/210\/revisions"}],"predecessor-version":[{"id":1167,"href":"https:\/\/ostseedorf-schlichow.de\/index.php?rest_route=\/wp\/v2\/pages\/210\/revisions\/1167"}],"wp:featuredmedia":[{"embeddable":true,"href":"https:\/\/ostseedorf-schlichow.de\/index.php?rest_route=\/wp\/v2\/media\/392"}],"wp:attachment":[{"href":"https:\/\/ostseedorf-schlichow.de\/index.php?rest_route=%2Fwp%2Fv2%2Fmedia&parent=210"}],"curies":[{"name":"wp","href":"https:\/\/api.w.org\/{rel}","templated":true}]}}