{"id":19,"date":"2018-02-25T10:04:16","date_gmt":"2018-02-25T10:04:16","guid":{"rendered":"http:\/\/ostseedorf-schlichow.de\/?page_id=19"},"modified":"2018-05-01T16:14:33","modified_gmt":"2018-05-01T16:14:33","slug":"kontakt","status":"publish","type":"page","link":"https:\/\/ostseedorf-schlichow.de\/?page_id=19","title":{"rendered":"Kontakt\/Datenschutz"},"content":{"rendered":"<div class=\"clear\"><\/div>\n<div class=\"grid\">\n<article id=\"article_impressum-gemaess-5-telemediengesetz-tmg\" class=\"clearfix\">\n<h1 class=\"first\"><strong>Impressum\/ Datenschutz<\/strong><\/h1>\n<p><strong>Impressum<\/strong><\/p>\n<p><strong>Schlichower B\u00fcgerverein e.V.<\/strong><\/p>\n<p><strong>Anschrift des Vereins:<\/strong><\/p>\n<p>Schlichower B\u00fcrgerverein e.V.<br \/>\nOskar-Trautmann-Str. 1a<br \/>\n03052 Cottbus-Schlichow<br \/>\n(0355) 711868<br \/>\ninfo@ostseedorf-schlichow.de<\/p>\n<p class=\"Text8ptbreak\">Die Vertretung des Vereins erfolgt durch den\/die Vorsitzende(n), Herr Frank\u00a0 Sidon , Oskar-Trautmann-Stra\u00dfe 3, 03052 Cottbus-Schlichow jeweils gemeinsam mit einem Stellvertreter, diese sind:<br \/>\nHerr J\u00fcrgen Sch\u00f6ckel<br \/>\nHerr Michael Schwieger<\/p>\n<p class=\"Text8ptbreak\"><strong>Eingetragen im Vereinsregister beim Amtsgericht Cottbus unter der Nummer:<\/strong> VR 1419 CB<\/p>\n<\/article>\n<\/div>\n<p>&nbsp;<\/p>\n<div class=\"grid\">\n<article id=\"article_impressum-gemaess-5-telemediengesetz-tmg\" class=\"clearfix\"><strong>Datenschutzerkl\u00e4rung<\/strong><br \/>\nEine Registrierung f\u00fcr die Nutzung der Webseite ist nicht notwendig. Mit der Nutzung der Internetseite sind Sie mit der Erhebung, Nutzung und Verarbeitung der Daten der folgend aufgef\u00fchrten Beschreibung einverstanden.<\/p>\n<p>Datenverarbeitung zur \u00dcbermittlung der Onlineinhalte<\/p>\n<p>Zum Zweck der \u00dcbermittlung der von Ihnen aufgerufenen Webseite werden von Ihrem Browser typischerweise unter anderem folgende Informationen (im Rahmen von sogenannten HTTP-Requests) \u00fcbersandt:<\/p>\n<p>\u00b7 Ihre IP-Adresse, eine Ziffernfolge, die Ihren derzeitigen Computeranschluss im Internet identifiziert.<\/p>\n<p>\u00b7 Uhrzeit zum Zeitpunkt des Zugriffs<\/p>\n<p>\u00b7 Menge der gesendeten Daten<\/p>\n<p>\u00b7 Die von Ihnen aufgerufene URL (die Webseite und ggf. weitere Parameter),<\/p>\n<p>\u00b7 Informationen zu dem von Ihnen verwendeten Browser und Betriebssystem, wie deren Name und Version<\/p>\n<p>\u00b7 sowie \u2013 unter Umst\u00e4nden \u2013 die Seite, von der aus Sie zu uns gelangt sind (Referrer-Information).<\/p>\n<p>\u00b7 Der Zeitpunkt der Anfrage.<\/p>\n<p>Protokollierung zu Sicherheitszwecken und zu statistischen Zwecken<\/p>\n<p>Die oben dargestellten Angaben k\u00f6nnen zudem f\u00fcr weitere sieben Tage in Protokolldateien gespeichert werden, um m\u00f6gliche St\u00f6rungen der Seite analysieren zu k\u00f6nnen und auch f\u00fcr statistische Zwecke um die Nutzung der Seite zu optimieren. Sofern solche St\u00f6rungen auftauchen, kann die Speicherung im Einzelfall auch l\u00e4nger andauern. Sie werden sp\u00e4testens dann gel\u00f6scht, wenn sie zur Ermittlung der Ursachen der St\u00f6rung nicht mehr erkennbar beitragen k\u00f6nnen.<\/p>\n<p>Datenverarbeitung personenbezogener Daten<\/p>\n<p>Personenbezogene Daten wie Namen, Adresse oder E-Mailadresse werden nur auf freiwilliger Basis, mit Ihrer Einwilligung, erhoben. Nehmen Sie mit dem Websitebetreiber Verbindung auf, werden Ihre Angaben gespeichert, damit auf diese zur Bearbeitung und Beantwortung Ihrer Anfrage zur\u00fcckgegriffen werden kann. Eine Weitergabe an Dritte erfolgt nicht.<\/p>\n<p>Cookies<\/p>\n<p>Durch die Webseite werden Cookies (kleine Textdateien mit Nutzerspezifischen Informationen auf Ihrem Endger\u00e4t) genutzt. Diese analysieren die Seitennutzung, um die Webseite nutzerfreundlicher zu gestalten. Um eine Speicherung der Cookies zu verhindern muss der Browser so konfiguriert werden, dass er eine Cookieannahme verhindert, ansonsten bleiben Cookies nach dem Ende des Seitenaufrufs gespeichert und werden bei einem erneuten Seitenaufruf wieder abgerufen.<\/p>\n<\/article>\n<\/div>\n","protected":false},"excerpt":{"rendered":"<p>Impressum\/ Datenschutz Impressum Schlichower B\u00fcgerverein e.V. Anschrift des Vereins: Schlichower B\u00fcrgerverein e.V. Oskar-Trautmann-Str. 1a 03052 Cottbus-Schlichow (0355) 711868 info@ostseedorf-schlichow.de Die <a class=\"more-link\" href=\"https:\/\/ostseedorf-schlichow.de\/?page_id=19\">Weiterlesen\u00a0\u2026<\/a><\/p>\n","protected":false},"author":1,"featured_media":0,"parent":0,"menu_order":0,"comment_status":"closed","ping_status":"closed","template":"","meta":{"footnotes":""},"class_list":["post-19","page","type-page","status-publish","hentry"],"_links":{"self":[{"href":"https:\/\/ostseedorf-schlichow.de\/index.php?rest_route=\/wp\/v2\/pages\/19","targetHints":{"allow":["GET"]}}],"collection":[{"href":"https:\/\/ostseedorf-schlichow.de\/index.php?rest_route=\/wp\/v2\/pages"}],"about":[{"href":"https:\/\/ostseedorf-schlichow.de\/index.php?rest_route=\/wp\/v2\/types\/page"}],"author":[{"embeddable":true,"href":"https:\/\/ostseedorf-schlichow.de\/index.php?rest_route=\/wp\/v2\/users\/1"}],"replies":[{"embeddable":true,"href":"https:\/\/ostseedorf-schlichow.de\/index.php?rest_route=%2Fwp%2Fv2%2Fcomments&post=19"}],"version-history":[{"count":6,"href":"https:\/\/ostseedorf-schlichow.de\/index.php?rest_route=\/wp\/v2\/pages\/19\/revisions"}],"predecessor-version":[{"id":120,"href":"https:\/\/ostseedorf-schlichow.de\/index.php?rest_route=\/wp\/v2\/pages\/19\/revisions\/120"}],"wp:attachment":[{"href":"https:\/\/ostseedorf-schlichow.de\/index.php?rest_route=%2Fwp%2Fv2%2Fmedia&parent=19"}],"curies":[{"name":"wp","href":"https:\/\/api.w.org\/{rel}","templated":true}]}}